{"id":56,"date":"2021-10-29T23:47:51","date_gmt":"2021-10-29T23:47:51","guid":{"rendered":"https:\/\/www.solarhouseec.com\/?page_id=56"},"modified":"2022-09-12T20:23:06","modified_gmt":"2022-09-12T20:23:06","slug":"servicios","status":"publish","type":"page","link":"https:\/\/www.solarhouseec.com\/?page_id=56","title":{"rendered":"Servicios"},"content":{"rendered":"\t\t<div data-elementor-type=\"wp-page\" data-elementor-id=\"56\" class=\"elementor elementor-56\">\n\t\t\t\t\t\t\t\t\t<section class=\"elementor-section elementor-top-section elementor-element elementor-element-70e3e10 elementor-section-boxed elementor-section-height-default elementor-section-height-default\" data-id=\"70e3e10\" data-element_type=\"section\">\n\t\t\t\t\t\t<div class=\"elementor-container elementor-column-gap-default\">\n\t\t\t\t\t<div class=\"elementor-column elementor-col-100 elementor-top-column elementor-element elementor-element-c77159b\" data-id=\"c77159b\" data-element_type=\"column\">\n\t\t\t<div class=\"elementor-widget-wrap elementor-element-populated\">\n\t\t\t\t\t\t\t\t<div class=\"elementor-element elementor-element-8927c1a elementor-widget elementor-widget-heading\" data-id=\"8927c1a\" data-element_type=\"widget\" data-widget_type=\"heading.default\">\n\t\t\t\t<div class=\"elementor-widget-container\">\n\t\t\t<style>\/*! elementor - v3.6.6 - 08-06-2022 *\/\n.elementor-heading-title{padding:0;margin:0;line-height:1}.elementor-widget-heading .elementor-heading-title[class*=elementor-size-]>a{color:inherit;font-size:inherit;line-height:inherit}.elementor-widget-heading .elementor-heading-title.elementor-size-small{font-size:15px}.elementor-widget-heading .elementor-heading-title.elementor-size-medium{font-size:19px}.elementor-widget-heading .elementor-heading-title.elementor-size-large{font-size:29px}.elementor-widget-heading .elementor-heading-title.elementor-size-xl{font-size:39px}.elementor-widget-heading .elementor-heading-title.elementor-size-xxl{font-size:59px}<\/style><h2 class=\"elementor-heading-title elementor-size-large\">SERVICIOS QUE BRINDAMOS <\/h2>\t\t<\/div>\n\t\t\t\t<\/div>\n\t\t\t\t\t<\/div>\n\t\t<\/div>\n\t\t\t\t\t\t\t<\/div>\n\t\t<\/section>\n\t\t\t\t<section class=\"elementor-section elementor-top-section elementor-element elementor-element-69f5f3c elementor-section-boxed elementor-section-height-default elementor-section-height-default\" data-id=\"69f5f3c\" data-element_type=\"section\">\n\t\t\t\t\t\t<div class=\"elementor-container elementor-column-gap-default\">\n\t\t\t\t\t<div class=\"elementor-column elementor-col-100 elementor-top-column elementor-element elementor-element-23ae2cb\" data-id=\"23ae2cb\" data-element_type=\"column\">\n\t\t\t<div class=\"elementor-widget-wrap elementor-element-populated\">\n\t\t\t\t\t\t\t\t<div class=\"elementor-element elementor-element-1dfd5f2 elementor-widget elementor-widget-text-editor\" data-id=\"1dfd5f2\" data-element_type=\"widget\" data-widget_type=\"text-editor.default\">\n\t\t\t\t<div class=\"elementor-widget-container\">\n\t\t\t<style>\/*! elementor - v3.6.6 - 08-06-2022 *\/\n.elementor-widget-text-editor.elementor-drop-cap-view-stacked .elementor-drop-cap{background-color:#818a91;color:#fff}.elementor-widget-text-editor.elementor-drop-cap-view-framed .elementor-drop-cap{color:#818a91;border:3px solid;background-color:transparent}.elementor-widget-text-editor:not(.elementor-drop-cap-view-default) .elementor-drop-cap{margin-top:8px}.elementor-widget-text-editor:not(.elementor-drop-cap-view-default) .elementor-drop-cap-letter{width:1em;height:1em}.elementor-widget-text-editor .elementor-drop-cap{float:left;text-align:center;line-height:1;font-size:50px}.elementor-widget-text-editor .elementor-drop-cap-letter{display:inline-block}<\/style>\t\t\t\t<p>INSTALACION DE SISTEMAS FOTOVOLTAICAS<\/p><p>Acorde a las necesidades del cuidado del medioambiente, ofrecemos instalaciones fotovoltaicas, es decir instalaciones de paneles solares para viviendas y comercios.<\/p><p>En la actualidad a consecuencia del cambio clim\u00e1tico, originado por la contaminaci\u00f3n de combustibles f\u00f3siles, nos hemos propuesto dar el servicio de instalaciones de componentes que provean de energ\u00eda limpia a viviendas, empresas sin causar da\u00f1o a la naturaleza, caminando a la par en busca de soluciones para las personas en eficiencia y efectividad en el aprovechamiento de los recursos que son amigables con su econom\u00eda y el planeta.<\/p><p>\u00a0<\/p>\t\t\t\t\t\t<\/div>\n\t\t\t\t<\/div>\n\t\t\t\t<div class=\"elementor-element elementor-element-1051d69 elementor-widget elementor-widget-image\" data-id=\"1051d69\" data-element_type=\"widget\" data-widget_type=\"image.default\">\n\t\t\t\t<div class=\"elementor-widget-container\">\n\t\t\t<style>\/*! elementor - v3.6.6 - 08-06-2022 *\/\n.elementor-widget-image{text-align:center}.elementor-widget-image a{display:inline-block}.elementor-widget-image a img[src$=\".svg\"]{width:48px}.elementor-widget-image img{vertical-align:middle;display:inline-block}<\/style>\t\t\t\t\t\t\t\t\t\t\t\t<img loading=\"lazy\" decoding=\"async\" width=\"525\" height=\"350\" src=\"https:\/\/www.solarhouseec.com\/wp-content\/uploads\/2022\/07\/instalacion-placas-solares-tejado-factorenergia.jpg\" class=\"attachment-large size-large\" alt=\"\" srcset=\"https:\/\/www.solarhouseec.com\/wp-content\/uploads\/2022\/07\/instalacion-placas-solares-tejado-factorenergia.jpg 960w, https:\/\/www.solarhouseec.com\/wp-content\/uploads\/2022\/07\/instalacion-placas-solares-tejado-factorenergia-300x200.jpg 300w, https:\/\/www.solarhouseec.com\/wp-content\/uploads\/2022\/07\/instalacion-placas-solares-tejado-factorenergia-768x512.jpg 768w\" sizes=\"auto, 100vw\" \/>\t\t\t\t\t\t\t\t\t\t\t\t\t\t\t<\/div>\n\t\t\t\t<\/div>\n\t\t\t\t\t<\/div>\n\t\t<\/div>\n\t\t\t\t\t\t\t<\/div>\n\t\t<\/section>\n\t\t\t\t\t\t\t<\/div>\n\t\t","protected":false},"excerpt":{"rendered":"<p>SERVICIOS QUE BRINDAMOS INSTALACION DE SISTEMAS FOTOVOLTAICAS Acorde a las necesidades del cuidado del medioambiente, ofrecemos instalaciones fotovoltaicas, es decir instalaciones de paneles solares para viviendas y comercios. En la actualidad a consecuencia del cambio clim\u00e1tico, originado por la contaminaci\u00f3n de combustibles f\u00f3siles, nos hemos propuesto dar el servicio de instalaciones de componentes que provean &hellip; <\/p>\n<p class=\"link-more\"><a href=\"https:\/\/www.solarhouseec.com\/?page_id=56\" class=\"more-link\">Continuar leyendo<span class=\"screen-reader-text\"> \u00abServicios\u00bb<\/span><\/a><\/p>\n","protected":false},"author":1,"featured_media":0,"parent":0,"menu_order":0,"comment_status":"closed","ping_status":"closed","template":"elementor_header_footer","meta":{"footnotes":""},"class_list":["post-56","page","type-page","status-publish","hentry"],"_links":{"self":[{"href":"https:\/\/www.solarhouseec.com\/index.php?rest_route=\/wp\/v2\/pages\/56","targetHints":{"allow":["GET"]}}],"collection":[{"href":"https:\/\/www.solarhouseec.com\/index.php?rest_route=\/wp\/v2\/pages"}],"about":[{"href":"https:\/\/www.solarhouseec.com\/index.php?rest_route=\/wp\/v2\/types\/page"}],"author":[{"embeddable":true,"href":"https:\/\/www.solarhouseec.com\/index.php?rest_route=\/wp\/v2\/users\/1"}],"replies":[{"embeddable":true,"href":"https:\/\/www.solarhouseec.com\/index.php?rest_route=%2Fwp%2Fv2%2Fcomments&post=56"}],"version-history":[{"count":15,"href":"https:\/\/www.solarhouseec.com\/index.php?rest_route=\/wp\/v2\/pages\/56\/revisions"}],"predecessor-version":[{"id":411,"href":"https:\/\/www.solarhouseec.com\/index.php?rest_route=\/wp\/v2\/pages\/56\/revisions\/411"}],"wp:attachment":[{"href":"https:\/\/www.solarhouseec.com\/index.php?rest_route=%2Fwp%2Fv2%2Fmedia&parent=56"}],"curies":[{"name":"wp","href":"https:\/\/api.w.org\/{rel}","templated":true}]}}